{"id":311,"date":"2024-02-23T09:47:02","date_gmt":"2024-02-23T08:47:02","guid":{"rendered":"https:\/\/mediainstall.de\/?page_id=311"},"modified":"2024-03-19T11:20:08","modified_gmt":"2024-03-19T10:20:08","slug":"impressum","status":"publish","type":"page","link":"https:\/\/mediainstall.de\/en\/impressum\/","title":{"rendered":"Imprint"},"content":{"rendered":"<div data-elementor-type=\"wp-page\" data-elementor-id=\"311\" class=\"elementor elementor-311\" data-elementor-post-type=\"page\">\n\t\t\t\t\t\t<section class=\"elementor-section elementor-top-section elementor-element elementor-element-a9a6b3d elementor-section-content-middle elementor-section-boxed elementor-section-height-default elementor-section-height-default\" data-id=\"a9a6b3d\" data-element_type=\"section\" data-settings=\"{&quot;background_background&quot;:&quot;classic&quot;}\">\n\t\t\t\t\t\t\t<div class=\"elementor-background-overlay\"><\/div>\n\t\t\t\t\t\t\t<div class=\"elementor-container elementor-column-gap-no\">\n\t\t\t\t\t<div class=\"elementor-column elementor-col-100 elementor-top-column elementor-element elementor-element-550a9ed\" data-id=\"550a9ed\" data-element_type=\"column\">\n\t\t\t<div class=\"elementor-widget-wrap elementor-element-populated\">\n\t\t\t\t\t\t<div class=\"elementor-element elementor-element-977a6e5 elementor-widget elementor-widget-heading\" data-id=\"977a6e5\" data-element_type=\"widget\" data-widget_type=\"heading.default\">\n\t\t\t\t<div class=\"elementor-widget-container\">\n\t\t\t<style>\/*! elementor - v3.20.0 - 26-03-2024 *\/\n.elementor-heading-title{padding:0;margin:0;line-height:1}.elementor-widget-heading .elementor-heading-title[class*=elementor-size-]>a{color:inherit;font-size:inherit;line-height:inherit}.elementor-widget-heading .elementor-heading-title.elementor-size-small{font-size:15px}.elementor-widget-heading .elementor-heading-title.elementor-size-medium{font-size:19px}.elementor-widget-heading .elementor-heading-title.elementor-size-large{font-size:29px}.elementor-widget-heading .elementor-heading-title.elementor-size-xl{font-size:39px}.elementor-widget-heading .elementor-heading-title.elementor-size-xxl{font-size:59px}<\/style><h1 class=\"elementor-heading-title elementor-size-default\">Imprint<\/h1>\t\t<\/div>\n\t\t\t\t<\/div>\n\t\t\t\t\t<\/div>\n\t\t<\/div>\n\t\t\t\t\t<\/div>\n\t\t<\/section>\n\t\t<div class=\"elementor-element elementor-element-5507b49 e-flex e-con-boxed e-con e-parent\" data-id=\"5507b49\" data-element_type=\"container\" data-core-v316-plus=\"true\">\n\t\t\t\t\t<div class=\"e-con-inner\">\n\t\t\t\t<div class=\"elementor-element elementor-element-df8aa95 elementor-widget elementor-widget-text-editor\" data-id=\"df8aa95\" data-element_type=\"widget\" data-widget_type=\"text-editor.default\">\n\t\t\t\t<div class=\"elementor-widget-container\">\n\t\t\t<style>\/*! elementor - v3.20.0 - 26-03-2024 *\/\n.elementor-widget-text-editor.elementor-drop-cap-view-stacked .elementor-drop-cap{background-color:#69727d;color:#fff}.elementor-widget-text-editor.elementor-drop-cap-view-framed .elementor-drop-cap{color:#69727d;border:3px solid;background-color:transparent}.elementor-widget-text-editor:not(.elementor-drop-cap-view-default) .elementor-drop-cap{margin-top:8px}.elementor-widget-text-editor:not(.elementor-drop-cap-view-default) .elementor-drop-cap-letter{width:1em;height:1em}.elementor-widget-text-editor .elementor-drop-cap{float:left;text-align:center;line-height:1;font-size:50px}.elementor-widget-text-editor .elementor-drop-cap-letter{display:inline-block}<\/style>\t\t\t\t<div><strong>Service provider according to \u00a7 6 TDG<\/strong><\/div><div>\u00a0<\/div><div>Mediainstall GmbH<\/div><div>Hauptstra\u00dfe 20<\/div><div>61440 Oberursel<\/div><div>Germany<\/div><div>\u00a0<\/div><div><strong>Phone:<\/strong> +49 (0) 6172 9819890<\/div><div><strong>E-Mail:<\/strong> info@mediainstall.de<\/div><div>\u00a0<\/div><div>Register number: HRB 11035<\/div><div>Register court: Bad Homburg v. d. H.<\/div><div>VAT ID No. DE260255909<\/div><div>\u00a0<\/div><div><strong>Managing Director:<\/strong><\/div><div>Michael Beus<\/div><div>Dirk Saloch<\/div><div>\u00a0<\/div><div><div class=\"row\"><div class=\"col-md-8\"><h4>Privacy policy<\/h4><p>If the opportunity for the input of personal or business data (e-mail addresses, names, addresses) is given, the input of these data takes place voluntarily. We collect, process and use the user's personal data only to the extent necessary to provide the service offered. We do not forward the data to third parties unless this has been made clear to the user beforehand and the transfer has been triggered electronically by the user through a clear and deliberate action.<\/p><h4>Privacy Policy<\/h4><p>Every time a user accesses a page and every time a file is retrieved, data about this process is stored in a log file. This data is not personal. In detail, the following data record is stored for each retrieval:<\/p><ul><li>Name of the retrieved file,<\/li><li>Date and time of retrieval,<\/li><li>amount of data transferred,<\/li><li>Message indicating whether the retrieval was successful,<\/li><li>the address of the computer from which the request was sent,<\/li><li>the address of the computer from which these pages were accessed,<\/li><li>Browser provider, browser version and operating system.<\/li><\/ul><\/div><div class=\"col-md-8\">The stored data is only analyzed for statistical purposes. This site does not use cookies. Likewise, no other techniques are used to track the access behavior of individual users.<\/div><div>\u00a0<\/div><div class=\"col-md-8\">If you are asked to enter personal data, for example your name or e-mail address, this data will be used exclusively for the stated purpose. It will not be passed on to third parties or used for any other purpose.<\/div><\/div><\/div>\t\t\t\t\t\t<\/div>\n\t\t\t\t<\/div>\n\t\t\t\t\t<\/div>\n\t\t\t\t<\/div>\n\t\t\t\t<\/div>","protected":false},"excerpt":{"rendered":"<p>Impressum Dienstanbieter gem\u00e4\u00df \u00a7 6 TDG\u00a0Mediainstall GmbHHauptstra\u00dfe 2061440 OberurselDeutschland\u00a0Tel.: +49 (0) 6172 9819890E-Mail: info@mediainstall.de\u00a0Registernr.: HRB 11035Registergericht: Bad Homburg v. d. H.USt.-IdNr. DE260255909\u00a0Gesch\u00e4ftsf\u00fchrer:Michael BeusDirk Saloch\u00a0 Datenschutz Sofern innerhalb des Internetangebotes die M\u00f6glichkeit zur Eingabe pers\u00f6nlicher oder gesch\u00e4ftlicher Daten (E-Mail-Adressen, Namen, Anschriften) besteht, so erfolgt die Preisgabe dieser Daten seitens des Nutzers auf ausdr\u00fccklich freiwilliger Basis. Wir [&hellip;]<\/p>","protected":false},"author":1,"featured_media":0,"parent":0,"menu_order":0,"comment_status":"closed","ping_status":"closed","template":"","meta":{"footnotes":""},"class_list":["post-311","page","type-page","status-publish","hentry"],"yoast_head":"<!-- This site is optimized with the Yoast SEO plugin v22.8 - https:\/\/yoast.com\/wordpress\/plugins\/seo\/ -->\n<title>Impressum - Mediainstall<\/title>\n<meta name=\"robots\" content=\"index, follow, max-snippet:-1, max-image-preview:large, max-video-preview:-1\" \/>\n<link rel=\"canonical\" href=\"https:\/\/mediainstall.de\/en\/impressum\/\" \/>\n<meta property=\"og:locale\" content=\"en_GB\" \/>\n<meta property=\"og:type\" content=\"article\" \/>\n<meta property=\"og:title\" content=\"Impressum - Mediainstall\" \/>\n<meta property=\"og:description\" content=\"Impressum Dienstanbieter gem\u00e4\u00df \u00a7 6 TDG\u00a0Mediainstall GmbHHauptstra\u00dfe 2061440 OberurselDeutschland\u00a0Tel.: +49 (0) 6172 9819890E-Mail: info@mediainstall.de\u00a0Registernr.: HRB 11035Registergericht: Bad Homburg v. d. H.USt.-IdNr. DE260255909\u00a0Gesch\u00e4ftsf\u00fchrer:Michael BeusDirk Saloch\u00a0 Datenschutz Sofern innerhalb des Internetangebotes die M\u00f6glichkeit zur Eingabe pers\u00f6nlicher oder gesch\u00e4ftlicher Daten (E-Mail-Adressen, Namen, Anschriften) besteht, so erfolgt die Preisgabe dieser Daten seitens des Nutzers auf ausdr\u00fccklich freiwilliger Basis. Wir [&hellip;]\" \/>\n<meta property=\"og:url\" content=\"https:\/\/mediainstall.de\/en\/impressum\/\" \/>\n<meta property=\"og:site_name\" content=\"Mediainstall\" \/>\n<meta property=\"article:modified_time\" content=\"2024-03-19T10:20:08+00:00\" \/>\n<meta name=\"twitter:card\" content=\"summary_large_image\" \/>\n<meta name=\"twitter:label1\" content=\"Estimated reading time\" \/>\n\t<meta name=\"twitter:data1\" content=\"1 minute\" \/>\n<script type=\"application\/ld+json\" class=\"yoast-schema-graph\">{\"@context\":\"https:\/\/schema.org\",\"@graph\":[{\"@type\":\"WebPage\",\"@id\":\"https:\/\/mediainstall.de\/impressum\/\",\"url\":\"https:\/\/mediainstall.de\/impressum\/\",\"name\":\"Impressum - Mediainstall\",\"isPartOf\":{\"@id\":\"https:\/\/mediainstall.de\/#website\"},\"datePublished\":\"2024-02-23T08:47:02+00:00\",\"dateModified\":\"2024-03-19T10:20:08+00:00\",\"breadcrumb\":{\"@id\":\"https:\/\/mediainstall.de\/impressum\/#breadcrumb\"},\"inLanguage\":\"en-GB\",\"potentialAction\":[{\"@type\":\"ReadAction\",\"target\":[\"https:\/\/mediainstall.de\/impressum\/\"]}]},{\"@type\":\"BreadcrumbList\",\"@id\":\"https:\/\/mediainstall.de\/impressum\/#breadcrumb\",\"itemListElement\":[{\"@type\":\"ListItem\",\"position\":1,\"name\":\"Startseite\",\"item\":\"https:\/\/mediainstall.de\/\"},{\"@type\":\"ListItem\",\"position\":2,\"name\":\"Impressum\"}]},{\"@type\":\"WebSite\",\"@id\":\"https:\/\/mediainstall.de\/#website\",\"url\":\"https:\/\/mediainstall.de\/\",\"name\":\"Mediainstall\",\"description\":\"\",\"publisher\":{\"@id\":\"https:\/\/mediainstall.de\/#organization\"},\"potentialAction\":[{\"@type\":\"SearchAction\",\"target\":{\"@type\":\"EntryPoint\",\"urlTemplate\":\"https:\/\/mediainstall.de\/?s={search_term_string}\"},\"query-input\":\"required name=search_term_string\"}],\"inLanguage\":\"en-GB\"},{\"@type\":\"Organization\",\"@id\":\"https:\/\/mediainstall.de\/#organization\",\"name\":\"Mediainstall\",\"url\":\"https:\/\/mediainstall.de\/\",\"logo\":{\"@type\":\"ImageObject\",\"inLanguage\":\"en-GB\",\"@id\":\"https:\/\/mediainstall.de\/#\/schema\/logo\/image\/\",\"url\":\"https:\/\/mediainstall.de\/wp-content\/uploads\/2024\/01\/Mediainstall_Logo.png\",\"contentUrl\":\"https:\/\/mediainstall.de\/wp-content\/uploads\/2024\/01\/Mediainstall_Logo.png\",\"width\":3222,\"height\":569,\"caption\":\"Mediainstall\"},\"image\":{\"@id\":\"https:\/\/mediainstall.de\/#\/schema\/logo\/image\/\"}}]}<\/script>\n<!-- \/ Yoast SEO plugin. -->","yoast_head_json":{"title":"Impressum - Mediainstall","robots":{"index":"index","follow":"follow","max-snippet":"max-snippet:-1","max-image-preview":"max-image-preview:large","max-video-preview":"max-video-preview:-1"},"canonical":"https:\/\/mediainstall.de\/en\/impressum\/","og_locale":"en_GB","og_type":"article","og_title":"Impressum - Mediainstall","og_description":"Impressum Dienstanbieter gem\u00e4\u00df \u00a7 6 TDG\u00a0Mediainstall GmbHHauptstra\u00dfe 2061440 OberurselDeutschland\u00a0Tel.: +49 (0) 6172 9819890E-Mail: info@mediainstall.de\u00a0Registernr.: HRB 11035Registergericht: Bad Homburg v. d. H.USt.-IdNr. DE260255909\u00a0Gesch\u00e4ftsf\u00fchrer:Michael BeusDirk Saloch\u00a0 Datenschutz Sofern innerhalb des Internetangebotes die M\u00f6glichkeit zur Eingabe pers\u00f6nlicher oder gesch\u00e4ftlicher Daten (E-Mail-Adressen, Namen, Anschriften) besteht, so erfolgt die Preisgabe dieser Daten seitens des Nutzers auf ausdr\u00fccklich freiwilliger Basis. Wir [&hellip;]","og_url":"https:\/\/mediainstall.de\/en\/impressum\/","og_site_name":"Mediainstall","article_modified_time":"2024-03-19T10:20:08+00:00","twitter_card":"summary_large_image","twitter_misc":{"Estimated reading time":"1 minute"},"schema":{"@context":"https:\/\/schema.org","@graph":[{"@type":"WebPage","@id":"https:\/\/mediainstall.de\/impressum\/","url":"https:\/\/mediainstall.de\/impressum\/","name":"Impressum - Mediainstall","isPartOf":{"@id":"https:\/\/mediainstall.de\/#website"},"datePublished":"2024-02-23T08:47:02+00:00","dateModified":"2024-03-19T10:20:08+00:00","breadcrumb":{"@id":"https:\/\/mediainstall.de\/impressum\/#breadcrumb"},"inLanguage":"en-GB","potentialAction":[{"@type":"ReadAction","target":["https:\/\/mediainstall.de\/impressum\/"]}]},{"@type":"BreadcrumbList","@id":"https:\/\/mediainstall.de\/impressum\/#breadcrumb","itemListElement":[{"@type":"ListItem","position":1,"name":"Startseite","item":"https:\/\/mediainstall.de\/"},{"@type":"ListItem","position":2,"name":"Impressum"}]},{"@type":"WebSite","@id":"https:\/\/mediainstall.de\/#website","url":"https:\/\/mediainstall.de\/","name":"Mediainstall","description":"","publisher":{"@id":"https:\/\/mediainstall.de\/#organization"},"potentialAction":[{"@type":"SearchAction","target":{"@type":"EntryPoint","urlTemplate":"https:\/\/mediainstall.de\/?s={search_term_string}"},"query-input":"required name=search_term_string"}],"inLanguage":"en-GB"},{"@type":"Organization","@id":"https:\/\/mediainstall.de\/#organization","name":"Mediainstall","url":"https:\/\/mediainstall.de\/","logo":{"@type":"ImageObject","inLanguage":"en-GB","@id":"https:\/\/mediainstall.de\/#\/schema\/logo\/image\/","url":"https:\/\/mediainstall.de\/wp-content\/uploads\/2024\/01\/Mediainstall_Logo.png","contentUrl":"https:\/\/mediainstall.de\/wp-content\/uploads\/2024\/01\/Mediainstall_Logo.png","width":3222,"height":569,"caption":"Mediainstall"},"image":{"@id":"https:\/\/mediainstall.de\/#\/schema\/logo\/image\/"}}]}},"_links":{"self":[{"href":"https:\/\/mediainstall.de\/en\/wp-json\/wp\/v2\/pages\/311","targetHints":{"allow":["GET"]}}],"collection":[{"href":"https:\/\/mediainstall.de\/en\/wp-json\/wp\/v2\/pages"}],"about":[{"href":"https:\/\/mediainstall.de\/en\/wp-json\/wp\/v2\/types\/page"}],"author":[{"embeddable":true,"href":"https:\/\/mediainstall.de\/en\/wp-json\/wp\/v2\/users\/1"}],"replies":[{"embeddable":true,"href":"https:\/\/mediainstall.de\/en\/wp-json\/wp\/v2\/comments?post=311"}],"version-history":[{"count":19,"href":"https:\/\/mediainstall.de\/en\/wp-json\/wp\/v2\/pages\/311\/revisions"}],"predecessor-version":[{"id":407,"href":"https:\/\/mediainstall.de\/en\/wp-json\/wp\/v2\/pages\/311\/revisions\/407"}],"wp:attachment":[{"href":"https:\/\/mediainstall.de\/en\/wp-json\/wp\/v2\/media?parent=311"}],"curies":[{"name":"wp","href":"https:\/\/api.w.org\/{rel}","templated":true}]}}