{"id":127,"date":"2024-01-22T09:40:38","date_gmt":"2024-01-22T08:40:38","guid":{"rendered":"https:\/\/mediainstall.de\/?page_id=127"},"modified":"2024-08-14T11:52:45","modified_gmt":"2024-08-14T09:52:45","slug":"promotions","status":"publish","type":"page","link":"https:\/\/mediainstall.de\/en\/promotions\/","title":{"rendered":"Promotions"},"content":{"rendered":"<div data-elementor-type=\"wp-page\" data-elementor-id=\"127\" class=\"elementor elementor-127\" data-elementor-post-type=\"page\">\n\t\t\t\t\t\t<section class=\"elementor-section elementor-top-section elementor-element elementor-element-2aa96b77 elementor-section-height-min-height elementor-section-items-stretch elementor-section-content-middle elementor-section-boxed elementor-section-height-default\" data-id=\"2aa96b77\" data-element_type=\"section\" data-settings=\"{&quot;background_background&quot;:&quot;classic&quot;}\">\n\t\t\t\t\t\t\t<div class=\"elementor-background-overlay\"><\/div>\n\t\t\t\t\t\t\t<div class=\"elementor-container elementor-column-gap-no\">\n\t\t\t\t\t<div class=\"elementor-column elementor-col-100 elementor-top-column elementor-element elementor-element-5ce2e38f\" data-id=\"5ce2e38f\" data-element_type=\"column\">\n\t\t\t<div class=\"elementor-widget-wrap elementor-element-populated\">\n\t\t\t\t\t\t<div class=\"elementor-element elementor-element-6abf2399 elementor-widget elementor-widget-heading\" data-id=\"6abf2399\" data-element_type=\"widget\" data-widget_type=\"heading.default\">\n\t\t\t\t<div class=\"elementor-widget-container\">\n\t\t\t<style>\/*! elementor - v3.20.0 - 26-03-2024 *\/\n.elementor-heading-title{padding:0;margin:0;line-height:1}.elementor-widget-heading .elementor-heading-title[class*=elementor-size-]>a{color:inherit;font-size:inherit;line-height:inherit}.elementor-widget-heading .elementor-heading-title.elementor-size-small{font-size:15px}.elementor-widget-heading .elementor-heading-title.elementor-size-medium{font-size:19px}.elementor-widget-heading .elementor-heading-title.elementor-size-large{font-size:29px}.elementor-widget-heading .elementor-heading-title.elementor-size-xl{font-size:39px}.elementor-widget-heading .elementor-heading-title.elementor-size-xxl{font-size:59px}<\/style><h1 class=\"elementor-heading-title elementor-size-default\">Discover Our Exclusive Promotions<\/h1>\t\t<\/div>\n\t\t\t\t<\/div>\n\t\t\t\t<div class=\"elementor-element elementor-element-34688e1e elementor-widget elementor-widget-heading\" data-id=\"34688e1e\" data-element_type=\"widget\" data-widget_type=\"heading.default\">\n\t\t\t\t<div class=\"elementor-widget-container\">\n\t\t\t<h5 class=\"elementor-heading-title elementor-size-default\">Get an insight into our latest campaigns and exclusive offers here. From time-limited discounts to unique experiences \u2013 there's something for everyone in our promotions.<\/h5>\t\t<\/div>\n\t\t\t\t<\/div>\n\t\t\t\t\t<\/div>\n\t\t<\/div>\n\t\t\t\t\t<\/div>\n\t\t<\/section>\n\t\t\t\t<section class=\"elementor-section elementor-top-section elementor-element elementor-element-4b564097 elementor-section-full_width elementor-section-content-middle elementor-reverse-tablet elementor-reverse-mobile elementor-section-height-default elementor-section-height-default\" data-id=\"4b564097\" data-element_type=\"section\">\n\t\t\t\t\t\t<div class=\"elementor-container elementor-column-gap-no\">\n\t\t\t\t\t<div class=\"elementor-column elementor-col-50 elementor-top-column elementor-element elementor-element-d27ed53\" data-id=\"d27ed53\" data-element_type=\"column\">\n\t\t\t<div class=\"elementor-widget-wrap elementor-element-populated\">\n\t\t\t\t\t\t<div class=\"elementor-element elementor-element-628273bc elementor-widget elementor-widget-heading\" data-id=\"628273bc\" data-element_type=\"widget\" data-widget_type=\"heading.default\">\n\t\t\t\t<div class=\"elementor-widget-container\">\n\t\t\t<h2 class=\"elementor-heading-title elementor-size-default\">Take Advantage of Our Current Offers<\/h2>\t\t<\/div>\n\t\t\t\t<\/div>\n\t\t\t\t<div class=\"elementor-element elementor-element-49f5e2cc elementor-widget elementor-widget-text-editor\" data-id=\"49f5e2cc\" data-element_type=\"widget\" data-widget_type=\"text-editor.default\">\n\t\t\t\t<div class=\"elementor-widget-container\">\n\t\t\t<style>\/*! elementor - v3.20.0 - 26-03-2024 *\/\n.elementor-widget-text-editor.elementor-drop-cap-view-stacked .elementor-drop-cap{background-color:#69727d;color:#fff}.elementor-widget-text-editor.elementor-drop-cap-view-framed .elementor-drop-cap{color:#69727d;border:3px solid;background-color:transparent}.elementor-widget-text-editor:not(.elementor-drop-cap-view-default) .elementor-drop-cap{margin-top:8px}.elementor-widget-text-editor:not(.elementor-drop-cap-view-default) .elementor-drop-cap-letter{width:1em;height:1em}.elementor-widget-text-editor .elementor-drop-cap{float:left;text-align:center;line-height:1;font-size:50px}.elementor-widget-text-editor .elementor-drop-cap-letter{display:inline-block}<\/style>\t\t\t\t<p style=\"font-weight: 400;\">Our promotions are carefully designed to offer you value that goes beyond the standard range. Whether you're looking to equip your office with the latest media technology or seeking an innovative solution for your next project \u2013 our special actions are aimed at making the most advanced technologies accessible to you while allowing you to benefit from price advantages.<\/p>\t\t\t\t\t\t<\/div>\n\t\t\t\t<\/div>\n\t\t\t\t\t<\/div>\n\t\t<\/div>\n\t\t\t\t<div class=\"elementor-column elementor-col-50 elementor-top-column elementor-element elementor-element-726e054b\" data-id=\"726e054b\" data-element_type=\"column\">\n\t\t\t<div class=\"elementor-widget-wrap elementor-element-populated\">\n\t\t\t\t\t\t<div class=\"elementor-element elementor-element-5a8b13c9 elementor-widget elementor-widget-image\" data-id=\"5a8b13c9\" data-element_type=\"widget\" data-widget_type=\"image.default\">\n\t\t\t\t<div class=\"elementor-widget-container\">\n\t\t\t<style>\/*! elementor - v3.20.0 - 26-03-2024 *\/\n.elementor-widget-image{text-align:center}.elementor-widget-image a{display:inline-block}.elementor-widget-image a img[src$=\".svg\"]{width:48px}.elementor-widget-image img{vertical-align:middle;display:inline-block}<\/style>\t\t\t\t\t\t\t\t\t\t<img fetchpriority=\"high\" decoding=\"async\" width=\"2560\" height=\"1707\" src=\"https:\/\/mediainstall.de\/wp-content\/uploads\/2024\/01\/furniture-delivery-service-concept-2022-12-15-22-55-16-utc-scaled-1.jpg\" class=\"attachment-full size-full wp-image-96\" alt=\"\" srcset=\"https:\/\/mediainstall.de\/wp-content\/uploads\/2024\/01\/furniture-delivery-service-concept-2022-12-15-22-55-16-utc-scaled-1.jpg 2560w, https:\/\/mediainstall.de\/wp-content\/uploads\/2024\/01\/furniture-delivery-service-concept-2022-12-15-22-55-16-utc-scaled-1-300x200.jpg 300w, https:\/\/mediainstall.de\/wp-content\/uploads\/2024\/01\/furniture-delivery-service-concept-2022-12-15-22-55-16-utc-scaled-1-1024x683.jpg 1024w, https:\/\/mediainstall.de\/wp-content\/uploads\/2024\/01\/furniture-delivery-service-concept-2022-12-15-22-55-16-utc-scaled-1-768x512.jpg 768w, https:\/\/mediainstall.de\/wp-content\/uploads\/2024\/01\/furniture-delivery-service-concept-2022-12-15-22-55-16-utc-scaled-1-1536x1024.jpg 1536w, https:\/\/mediainstall.de\/wp-content\/uploads\/2024\/01\/furniture-delivery-service-concept-2022-12-15-22-55-16-utc-scaled-1-2048x1366.jpg 2048w\" sizes=\"(max-width: 2560px) 100vw, 2560px\" \/>\t\t\t\t\t\t\t\t\t\t\t\t\t<\/div>\n\t\t\t\t<\/div>\n\t\t\t\t\t<\/div>\n\t\t<\/div>\n\t\t\t\t\t<\/div>\n\t\t<\/section>\n\t\t\t\t<section class=\"elementor-section elementor-top-section elementor-element elementor-element-66766212 elementor-section-full_width elementor-section-height-default elementor-section-height-default\" data-id=\"66766212\" data-element_type=\"section\">\n\t\t\t\t\t\t<div class=\"elementor-container elementor-column-gap-no\">\n\t\t\t\t\t<div class=\"elementor-column elementor-col-100 elementor-top-column elementor-element elementor-element-fbb0648\" data-id=\"fbb0648\" data-element_type=\"column\">\n\t\t\t<div class=\"elementor-widget-wrap elementor-element-populated\">\n\t\t\t\t\t\t<div class=\"elementor-element elementor-element-71526635 elementor-widget elementor-widget-heading\" data-id=\"71526635\" data-element_type=\"widget\" data-widget_type=\"heading.default\">\n\t\t\t\t<div class=\"elementor-widget-container\">\n\t\t\t<h2 class=\"elementor-heading-title elementor-size-default\">Our Promotions for Your Needs<\/h2>\t\t<\/div>\n\t\t\t\t<\/div>\n\t\t\t\t\t<\/div>\n\t\t<\/div>\n\t\t\t\t\t<\/div>\n\t\t<\/section>\n\t\t\t\t<section class=\"elementor-section elementor-top-section elementor-element elementor-element-b04244a elementor-section-full_width elementor-section-content-middle elementor-reverse-tablet elementor-reverse-mobile elementor-section-height-default elementor-section-height-default\" data-id=\"b04244a\" data-element_type=\"section\">\n\t\t\t\t\t\t<div class=\"elementor-container elementor-column-gap-no\">\n\t\t\t\t\t<div class=\"elementor-column elementor-col-50 elementor-top-column elementor-element elementor-element-648190d\" data-id=\"648190d\" data-element_type=\"column\">\n\t\t\t<div class=\"elementor-widget-wrap elementor-element-populated\">\n\t\t\t\t\t\t<div class=\"elementor-element elementor-element-dd2ea67 elementor-widget elementor-widget-image\" data-id=\"dd2ea67\" data-element_type=\"widget\" data-widget_type=\"image.default\">\n\t\t\t\t<div class=\"elementor-widget-container\">\n\t\t\t\t\t\t\t\t\t\t\t\t\t<img decoding=\"async\" width=\"2048\" height=\"1366\" src=\"https:\/\/mediainstall.de\/wp-content\/uploads\/2024\/03\/WolfVision-VZ-2.UHD_.jpg\" class=\"attachment-full size-full wp-image-332\" alt=\"\" srcset=\"https:\/\/mediainstall.de\/wp-content\/uploads\/2024\/03\/WolfVision-VZ-2.UHD_.jpg 2048w, https:\/\/mediainstall.de\/wp-content\/uploads\/2024\/03\/WolfVision-VZ-2.UHD_-300x200.jpg 300w, https:\/\/mediainstall.de\/wp-content\/uploads\/2024\/03\/WolfVision-VZ-2.UHD_-1024x683.jpg 1024w, https:\/\/mediainstall.de\/wp-content\/uploads\/2024\/03\/WolfVision-VZ-2.UHD_-768x512.jpg 768w, https:\/\/mediainstall.de\/wp-content\/uploads\/2024\/03\/WolfVision-VZ-2.UHD_-1536x1025.jpg 1536w\" sizes=\"(max-width: 2048px) 100vw, 2048px\" \/>\t\t\t\t\t\t\t\t\t\t\t\t\t<\/div>\n\t\t\t\t<\/div>\n\t\t\t\t\t<\/div>\n\t\t<\/div>\n\t\t\t\t<div class=\"elementor-column elementor-col-50 elementor-top-column elementor-element elementor-element-bca3e43\" data-id=\"bca3e43\" data-element_type=\"column\">\n\t\t\t<div class=\"elementor-widget-wrap elementor-element-populated\">\n\t\t\t\t\t\t<div class=\"elementor-element elementor-element-9341130 elementor-widget elementor-widget-heading\" data-id=\"9341130\" data-element_type=\"widget\" data-widget_type=\"heading.default\">\n\t\t\t\t<div class=\"elementor-widget-container\">\n\t\t\t<h2 class=\"elementor-heading-title elementor-size-default\">WolfVision VZ-2.UHD<\/h2>\t\t<\/div>\n\t\t\t\t<\/div>\n\t\t\t\t<div class=\"elementor-element elementor-element-9b18c3d elementor-widget elementor-widget-text-editor\" data-id=\"9b18c3d\" data-element_type=\"widget\" data-widget_type=\"text-editor.default\">\n\t\t\t\t<div class=\"elementor-widget-container\">\n\t\t\t\t\t\t\t<p style=\"font-weight: 400;\">\u2013 Extremely lightweight and compact 4K document camera for training &amp; presentations<br \/>\u2013 Suitable for Din A4 sizes (portrait &amp; landscape) and up to A3 in landscape<br \/>\u2013 The 12x optical zoom leaves no detail unnoticed<br \/>\u2013 Autofocus ensures consistently sharp images<br \/>\u2013 Intuitive operation with control wheel and integrated touch display<br \/>\u2013 Uniform illumination for presentations without hotspot<br \/>\u2013 Swivel camera (up to 192 degrees) for room recordings<br \/>\u2013 Connections: HDMI-In, HDMI-Out, USB &amp; USB-C, LAN<br \/>\u2013 Remote maintenance possible<\/p>\t\t\t\t\t\t<\/div>\n\t\t\t\t<\/div>\n\t\t\t\t\t<\/div>\n\t\t<\/div>\n\t\t\t\t\t<\/div>\n\t\t<\/section>\n\t\t\t\t<section class=\"elementor-section elementor-top-section elementor-element elementor-element-58b53bab elementor-section-full_width elementor-section-height-default elementor-section-height-default\" data-id=\"58b53bab\" data-element_type=\"section\">\n\t\t\t\t\t\t<div class=\"elementor-container elementor-column-gap-no\">\n\t\t\t\t\t<div class=\"elementor-column elementor-col-100 elementor-top-column elementor-element elementor-element-1ab26f0c\" data-id=\"1ab26f0c\" data-element_type=\"column\">\n\t\t\t<div class=\"elementor-widget-wrap elementor-element-populated\">\n\t\t\t\t\t\t<div class=\"elementor-element elementor-element-3d1546dd elementor-cta--layout-image-right elementor-cta--valign-middle elementor-cta--mobile-layout-image-above elementor-cta--skin-classic elementor-animated-content elementor-bg-transform elementor-bg-transform-zoom-in elementor-widget elementor-widget-call-to-action\" data-id=\"3d1546dd\" data-element_type=\"widget\" data-widget_type=\"call-to-action.default\">\n\t\t\t\t<div class=\"elementor-widget-container\">\n\t\t\t<link rel=\"stylesheet\" href=\"https:\/\/mediainstall.de\/wp-content\/plugins\/elementor-pro\/assets\/css\/widget-call-to-action.min.css\">\t\t<div class=\"elementor-cta\">\n\t\t\t\t\t<div class=\"elementor-cta__bg-wrapper\">\n\t\t\t\t<div class=\"elementor-cta__bg elementor-bg\" style=\"background-image: url(https:\/\/mediainstall.de\/wp-content\/uploads\/2024\/01\/Medientechnik-Frankfurt-Mediainstall-008.jpg);\" role=\"img\" aria-label=\"Medientechnik-Frankfurt-Mediainstall-008.jpg\"><\/div>\n\t\t\t\t<div class=\"elementor-cta__bg-overlay\"><\/div>\n\t\t\t<\/div>\n\t\t\t\t\t\t\t<div class=\"elementor-cta__content\">\n\t\t\t\t\n\t\t\t\t\t\t\t\t\t<h2 class=\"elementor-cta__title elementor-cta__content-item elementor-content-item\">\n\t\t\t\t\t\tContact Us\t\t\t\t\t<\/h2>\n\t\t\t\t\n\t\t\t\t\t\t\t\t\t<div class=\"elementor-cta__description elementor-cta__content-item elementor-content-item\">\n\t\t\t\t\t\tWould you like to learn more or do you have questions about our services? We are available by phone or through our contact form. Mediainstall is your reliable partner for all matters concerning media technology throughout the entire Rhine-Main area.\t\t\t\t\t<\/div>\n\t\t\t\t\n\t\t\t\t\t\t\t\t\t<div class=\"elementor-cta__button-wrapper elementor-cta__content-item elementor-content-item\">\n\t\t\t\t\t<a class=\"elementor-cta__button elementor-button elementor-size-md\" href=\"https:\/\/mediainstall.de\/en\/kontakt\/\">\n\t\t\t\t\t\tContact Form\t\t\t\t\t<\/a>\n\t\t\t\t\t<\/div>\n\t\t\t\t\t\t\t<\/div>\n\t\t\t\t\t\t<\/div>\n\t\t\t\t<\/div>\n\t\t\t\t<\/div>\n\t\t\t\t\t<\/div>\n\t\t<\/div>\n\t\t\t\t\t<\/div>\n\t\t<\/section>\n\t\t\t\t<\/div>","protected":false},"excerpt":{"rendered":"<p>Entdecken Sie unsere exklusiven Promotions Erhalten Sie hier einen Einblick in unsere neuesten Aktionen und exklusiven Angebote. Von zeitlich begrenzten Rabatten bis hin zu einmaligen Erlebnissen \u2013 bei unseren Promotions ist f\u00fcr jeden etwas dabei. Nutzen Sie unsere aktuellen Angebote Unsere Promotions sind sorgf\u00e4ltig darauf abgestimmt, Ihnen einen Mehrwert zu bieten, der \u00fcber das Standardangebot [&hellip;]<\/p>","protected":false},"author":1,"featured_media":0,"parent":0,"menu_order":0,"comment_status":"closed","ping_status":"closed","template":"","meta":{"footnotes":""},"class_list":["post-127","page","type-page","status-publish","hentry"],"yoast_head":"<!-- This site is optimized with the Yoast SEO plugin v22.8 - https:\/\/yoast.com\/wordpress\/plugins\/seo\/ -->\n<title>Promotions - Mediainstall<\/title>\n<meta name=\"robots\" content=\"index, follow, max-snippet:-1, max-image-preview:large, max-video-preview:-1\" \/>\n<link rel=\"canonical\" href=\"https:\/\/mediainstall.de\/en\/promotions\/\" \/>\n<meta property=\"og:locale\" content=\"en_GB\" \/>\n<meta property=\"og:type\" content=\"article\" \/>\n<meta property=\"og:title\" content=\"Promotions - Mediainstall\" \/>\n<meta property=\"og:description\" content=\"Entdecken Sie unsere exklusiven Promotions Erhalten Sie hier einen Einblick in unsere neuesten Aktionen und exklusiven Angebote. Von zeitlich begrenzten Rabatten bis hin zu einmaligen Erlebnissen \u2013 bei unseren Promotions ist f\u00fcr jeden etwas dabei. Nutzen Sie unsere aktuellen Angebote Unsere Promotions sind sorgf\u00e4ltig darauf abgestimmt, Ihnen einen Mehrwert zu bieten, der \u00fcber das Standardangebot [&hellip;]\" \/>\n<meta property=\"og:url\" content=\"https:\/\/mediainstall.de\/en\/promotions\/\" \/>\n<meta property=\"og:site_name\" content=\"Mediainstall\" \/>\n<meta property=\"article:modified_time\" content=\"2024-08-14T09:52:45+00:00\" \/>\n<meta property=\"og:image\" content=\"https:\/\/mediainstall.de\/wp-content\/uploads\/2024\/01\/furniture-delivery-service-concept-2022-12-15-22-55-16-utc-scaled-1.jpg\" \/>\n<meta name=\"twitter:card\" content=\"summary_large_image\" \/>\n<meta name=\"twitter:label1\" content=\"Estimated reading time\" \/>\n\t<meta name=\"twitter:data1\" content=\"2 minutes\" \/>\n<script type=\"application\/ld+json\" class=\"yoast-schema-graph\">{\"@context\":\"https:\/\/schema.org\",\"@graph\":[{\"@type\":\"WebPage\",\"@id\":\"https:\/\/mediainstall.de\/promotions\/\",\"url\":\"https:\/\/mediainstall.de\/promotions\/\",\"name\":\"Promotions - Mediainstall\",\"isPartOf\":{\"@id\":\"https:\/\/mediainstall.de\/#website\"},\"primaryImageOfPage\":{\"@id\":\"https:\/\/mediainstall.de\/promotions\/#primaryimage\"},\"image\":{\"@id\":\"https:\/\/mediainstall.de\/promotions\/#primaryimage\"},\"thumbnailUrl\":\"https:\/\/mediainstall.de\/wp-content\/uploads\/2024\/01\/furniture-delivery-service-concept-2022-12-15-22-55-16-utc-scaled-1.jpg\",\"datePublished\":\"2024-01-22T08:40:38+00:00\",\"dateModified\":\"2024-08-14T09:52:45+00:00\",\"breadcrumb\":{\"@id\":\"https:\/\/mediainstall.de\/promotions\/#breadcrumb\"},\"inLanguage\":\"en-GB\",\"potentialAction\":[{\"@type\":\"ReadAction\",\"target\":[\"https:\/\/mediainstall.de\/promotions\/\"]}]},{\"@type\":\"ImageObject\",\"inLanguage\":\"en-GB\",\"@id\":\"https:\/\/mediainstall.de\/promotions\/#primaryimage\",\"url\":\"https:\/\/mediainstall.de\/wp-content\/uploads\/2024\/01\/furniture-delivery-service-concept-2022-12-15-22-55-16-utc-scaled-1.jpg\",\"contentUrl\":\"https:\/\/mediainstall.de\/wp-content\/uploads\/2024\/01\/furniture-delivery-service-concept-2022-12-15-22-55-16-utc-scaled-1.jpg\"},{\"@type\":\"BreadcrumbList\",\"@id\":\"https:\/\/mediainstall.de\/promotions\/#breadcrumb\",\"itemListElement\":[{\"@type\":\"ListItem\",\"position\":1,\"name\":\"Startseite\",\"item\":\"https:\/\/mediainstall.de\/\"},{\"@type\":\"ListItem\",\"position\":2,\"name\":\"Promotions\"}]},{\"@type\":\"WebSite\",\"@id\":\"https:\/\/mediainstall.de\/#website\",\"url\":\"https:\/\/mediainstall.de\/\",\"name\":\"Mediainstall\",\"description\":\"\",\"publisher\":{\"@id\":\"https:\/\/mediainstall.de\/#organization\"},\"potentialAction\":[{\"@type\":\"SearchAction\",\"target\":{\"@type\":\"EntryPoint\",\"urlTemplate\":\"https:\/\/mediainstall.de\/?s={search_term_string}\"},\"query-input\":\"required name=search_term_string\"}],\"inLanguage\":\"en-GB\"},{\"@type\":\"Organization\",\"@id\":\"https:\/\/mediainstall.de\/#organization\",\"name\":\"Mediainstall\",\"url\":\"https:\/\/mediainstall.de\/\",\"logo\":{\"@type\":\"ImageObject\",\"inLanguage\":\"en-GB\",\"@id\":\"https:\/\/mediainstall.de\/#\/schema\/logo\/image\/\",\"url\":\"https:\/\/mediainstall.de\/wp-content\/uploads\/2024\/01\/Mediainstall_Logo.png\",\"contentUrl\":\"https:\/\/mediainstall.de\/wp-content\/uploads\/2024\/01\/Mediainstall_Logo.png\",\"width\":3222,\"height\":569,\"caption\":\"Mediainstall\"},\"image\":{\"@id\":\"https:\/\/mediainstall.de\/#\/schema\/logo\/image\/\"}}]}<\/script>\n<!-- \/ Yoast SEO plugin. -->","yoast_head_json":{"title":"Promotions - Mediainstall","robots":{"index":"index","follow":"follow","max-snippet":"max-snippet:-1","max-image-preview":"max-image-preview:large","max-video-preview":"max-video-preview:-1"},"canonical":"https:\/\/mediainstall.de\/en\/promotions\/","og_locale":"en_GB","og_type":"article","og_title":"Promotions - Mediainstall","og_description":"Entdecken Sie unsere exklusiven Promotions Erhalten Sie hier einen Einblick in unsere neuesten Aktionen und exklusiven Angebote. Von zeitlich begrenzten Rabatten bis hin zu einmaligen Erlebnissen \u2013 bei unseren Promotions ist f\u00fcr jeden etwas dabei. Nutzen Sie unsere aktuellen Angebote Unsere Promotions sind sorgf\u00e4ltig darauf abgestimmt, Ihnen einen Mehrwert zu bieten, der \u00fcber das Standardangebot [&hellip;]","og_url":"https:\/\/mediainstall.de\/en\/promotions\/","og_site_name":"Mediainstall","article_modified_time":"2024-08-14T09:52:45+00:00","og_image":[{"url":"https:\/\/mediainstall.de\/wp-content\/uploads\/2024\/01\/furniture-delivery-service-concept-2022-12-15-22-55-16-utc-scaled-1.jpg"}],"twitter_card":"summary_large_image","twitter_misc":{"Estimated reading time":"2 minutes"},"schema":{"@context":"https:\/\/schema.org","@graph":[{"@type":"WebPage","@id":"https:\/\/mediainstall.de\/promotions\/","url":"https:\/\/mediainstall.de\/promotions\/","name":"Promotions - Mediainstall","isPartOf":{"@id":"https:\/\/mediainstall.de\/#website"},"primaryImageOfPage":{"@id":"https:\/\/mediainstall.de\/promotions\/#primaryimage"},"image":{"@id":"https:\/\/mediainstall.de\/promotions\/#primaryimage"},"thumbnailUrl":"https:\/\/mediainstall.de\/wp-content\/uploads\/2024\/01\/furniture-delivery-service-concept-2022-12-15-22-55-16-utc-scaled-1.jpg","datePublished":"2024-01-22T08:40:38+00:00","dateModified":"2024-08-14T09:52:45+00:00","breadcrumb":{"@id":"https:\/\/mediainstall.de\/promotions\/#breadcrumb"},"inLanguage":"en-GB","potentialAction":[{"@type":"ReadAction","target":["https:\/\/mediainstall.de\/promotions\/"]}]},{"@type":"ImageObject","inLanguage":"en-GB","@id":"https:\/\/mediainstall.de\/promotions\/#primaryimage","url":"https:\/\/mediainstall.de\/wp-content\/uploads\/2024\/01\/furniture-delivery-service-concept-2022-12-15-22-55-16-utc-scaled-1.jpg","contentUrl":"https:\/\/mediainstall.de\/wp-content\/uploads\/2024\/01\/furniture-delivery-service-concept-2022-12-15-22-55-16-utc-scaled-1.jpg"},{"@type":"BreadcrumbList","@id":"https:\/\/mediainstall.de\/promotions\/#breadcrumb","itemListElement":[{"@type":"ListItem","position":1,"name":"Startseite","item":"https:\/\/mediainstall.de\/"},{"@type":"ListItem","position":2,"name":"Promotions"}]},{"@type":"WebSite","@id":"https:\/\/mediainstall.de\/#website","url":"https:\/\/mediainstall.de\/","name":"Mediainstall","description":"","publisher":{"@id":"https:\/\/mediainstall.de\/#organization"},"potentialAction":[{"@type":"SearchAction","target":{"@type":"EntryPoint","urlTemplate":"https:\/\/mediainstall.de\/?s={search_term_string}"},"query-input":"required name=search_term_string"}],"inLanguage":"en-GB"},{"@type":"Organization","@id":"https:\/\/mediainstall.de\/#organization","name":"Mediainstall","url":"https:\/\/mediainstall.de\/","logo":{"@type":"ImageObject","inLanguage":"en-GB","@id":"https:\/\/mediainstall.de\/#\/schema\/logo\/image\/","url":"https:\/\/mediainstall.de\/wp-content\/uploads\/2024\/01\/Mediainstall_Logo.png","contentUrl":"https:\/\/mediainstall.de\/wp-content\/uploads\/2024\/01\/Mediainstall_Logo.png","width":3222,"height":569,"caption":"Mediainstall"},"image":{"@id":"https:\/\/mediainstall.de\/#\/schema\/logo\/image\/"}}]}},"_links":{"self":[{"href":"https:\/\/mediainstall.de\/en\/wp-json\/wp\/v2\/pages\/127","targetHints":{"allow":["GET"]}}],"collection":[{"href":"https:\/\/mediainstall.de\/en\/wp-json\/wp\/v2\/pages"}],"about":[{"href":"https:\/\/mediainstall.de\/en\/wp-json\/wp\/v2\/types\/page"}],"author":[{"embeddable":true,"href":"https:\/\/mediainstall.de\/en\/wp-json\/wp\/v2\/users\/1"}],"replies":[{"embeddable":true,"href":"https:\/\/mediainstall.de\/en\/wp-json\/wp\/v2\/comments?post=127"}],"version-history":[{"count":13,"href":"https:\/\/mediainstall.de\/en\/wp-json\/wp\/v2\/pages\/127\/revisions"}],"predecessor-version":[{"id":673,"href":"https:\/\/mediainstall.de\/en\/wp-json\/wp\/v2\/pages\/127\/revisions\/673"}],"wp:attachment":[{"href":"https:\/\/mediainstall.de\/en\/wp-json\/wp\/v2\/media?parent=127"}],"curies":[{"name":"wp","href":"https:\/\/api.w.org\/{rel}","templated":true}]}}