{"id":121,"date":"2024-01-22T09:39:57","date_gmt":"2024-01-22T08:39:57","guid":{"rendered":"https:\/\/mediainstall.de\/?page_id=121"},"modified":"2024-08-14T11:55:02","modified_gmt":"2024-08-14T09:55:02","slug":"karriere","status":"publish","type":"page","link":"https:\/\/mediainstall.de\/en\/karriere\/","title":{"rendered":"Career"},"content":{"rendered":"<div data-elementor-type=\"wp-page\" data-elementor-id=\"121\" class=\"elementor elementor-121\" data-elementor-post-type=\"page\">\n\t\t\t\t\t\t<section class=\"elementor-section elementor-top-section elementor-element elementor-element-54f101b6 elementor-section-height-min-height elementor-section-items-stretch elementor-section-content-middle elementor-section-boxed elementor-section-height-default\" data-id=\"54f101b6\" data-element_type=\"section\" data-settings=\"{&quot;background_background&quot;:&quot;classic&quot;}\">\n\t\t\t\t\t\t\t<div class=\"elementor-background-overlay\"><\/div>\n\t\t\t\t\t\t\t<div class=\"elementor-container elementor-column-gap-no\">\n\t\t\t\t\t<div class=\"elementor-column elementor-col-100 elementor-top-column elementor-element elementor-element-43206299\" data-id=\"43206299\" data-element_type=\"column\">\n\t\t\t<div class=\"elementor-widget-wrap elementor-element-populated\">\n\t\t\t\t\t\t<div class=\"elementor-element elementor-element-227b95d9 elementor-widget elementor-widget-heading\" data-id=\"227b95d9\" data-element_type=\"widget\" data-widget_type=\"heading.default\">\n\t\t\t\t<div class=\"elementor-widget-container\">\n\t\t\t<style>\/*! elementor - v3.20.0 - 26-03-2024 *\/\n.elementor-heading-title{padding:0;margin:0;line-height:1}.elementor-widget-heading .elementor-heading-title[class*=elementor-size-]>a{color:inherit;font-size:inherit;line-height:inherit}.elementor-widget-heading .elementor-heading-title.elementor-size-small{font-size:15px}.elementor-widget-heading .elementor-heading-title.elementor-size-medium{font-size:19px}.elementor-widget-heading .elementor-heading-title.elementor-size-large{font-size:29px}.elementor-widget-heading .elementor-heading-title.elementor-size-xl{font-size:39px}.elementor-widget-heading .elementor-heading-title.elementor-size-xxl{font-size:59px}<\/style><h1 class=\"elementor-heading-title elementor-size-default\">Careers at Mediainstall<\/h1>\t\t<\/div>\n\t\t\t\t<\/div>\n\t\t\t\t<div class=\"elementor-element elementor-element-21b2e72f elementor-widget elementor-widget-heading\" data-id=\"21b2e72f\" data-element_type=\"widget\" data-widget_type=\"heading.default\">\n\t\t\t\t<div class=\"elementor-widget-container\">\n\t\t\t<h5 class=\"elementor-heading-title elementor-size-default\">M\u00f6chtest Du die Zukunft der Medientechnik mitgestalten? Wir bei Mediainstall bieten Dir nicht nur eine Stelle, sondern einen Karriereweg, der von Innovation, Kreativit\u00e4t und kontinuierlichem Lernen gepr\u00e4gt ist. Komm in unser Team und bring Deine Karriere auf die n\u00e4chste Stufe!<\/h5>\t\t<\/div>\n\t\t\t\t<\/div>\n\t\t\t\t\t<\/div>\n\t\t<\/div>\n\t\t\t\t\t<\/div>\n\t\t<\/section>\n\t\t\t\t<section class=\"elementor-section elementor-top-section elementor-element elementor-element-6f7f1df5 elementor-section-full_width elementor-section-content-middle elementor-reverse-tablet elementor-reverse-mobile elementor-section-height-default elementor-section-height-default\" data-id=\"6f7f1df5\" data-element_type=\"section\">\n\t\t\t\t\t\t<div class=\"elementor-container elementor-column-gap-no\">\n\t\t\t\t\t<div class=\"elementor-column elementor-col-50 elementor-top-column elementor-element elementor-element-5ae91b81\" data-id=\"5ae91b81\" data-element_type=\"column\">\n\t\t\t<div class=\"elementor-widget-wrap elementor-element-populated\">\n\t\t\t\t\t\t<div class=\"elementor-element elementor-element-1eca2359 elementor-widget elementor-widget-heading\" data-id=\"1eca2359\" data-element_type=\"widget\" data-widget_type=\"heading.default\">\n\t\t\t\t<div class=\"elementor-widget-container\">\n\t\t\t<h2 class=\"elementor-heading-title elementor-size-default\">Our Vision and Your Career Opportunities<\/h2>\t\t<\/div>\n\t\t\t\t<\/div>\n\t\t\t\t<div class=\"elementor-element elementor-element-71d382d7 elementor-widget elementor-widget-text-editor\" data-id=\"71d382d7\" data-element_type=\"widget\" data-widget_type=\"text-editor.default\">\n\t\t\t\t<div class=\"elementor-widget-container\">\n\t\t\t<style>\/*! elementor - v3.20.0 - 26-03-2024 *\/\n.elementor-widget-text-editor.elementor-drop-cap-view-stacked .elementor-drop-cap{background-color:#69727d;color:#fff}.elementor-widget-text-editor.elementor-drop-cap-view-framed .elementor-drop-cap{color:#69727d;border:3px solid;background-color:transparent}.elementor-widget-text-editor:not(.elementor-drop-cap-view-default) .elementor-drop-cap{margin-top:8px}.elementor-widget-text-editor:not(.elementor-drop-cap-view-default) .elementor-drop-cap-letter{width:1em;height:1em}.elementor-widget-text-editor .elementor-drop-cap{float:left;text-align:center;line-height:1;font-size:50px}.elementor-widget-text-editor .elementor-drop-cap-letter{display:inline-block}<\/style>\t\t\t\t<p style=\"font-weight: 400;\">In an industry that is rapidly evolving, our goal is to always be at the forefront of technological advancements. We understand that this is only possible with a dedicated team that is ready to push the boundaries of what is possible. That's why we place great emphasis on the development and promotion of our staff. At Mediainstall, you will find a dynamic work environment that supports and challenges your professional and personal development.<\/p>\t\t\t\t\t\t<\/div>\n\t\t\t\t<\/div>\n\t\t\t\t\t<\/div>\n\t\t<\/div>\n\t\t\t\t<div class=\"elementor-column elementor-col-50 elementor-top-column elementor-element elementor-element-7fc5a412\" data-id=\"7fc5a412\" data-element_type=\"column\">\n\t\t\t<div class=\"elementor-widget-wrap elementor-element-populated\">\n\t\t\t\t\t\t<div class=\"elementor-element elementor-element-423ba446 elementor-widget elementor-widget-image\" data-id=\"423ba446\" data-element_type=\"widget\" data-widget_type=\"image.default\">\n\t\t\t\t<div class=\"elementor-widget-container\">\n\t\t\t<style>\/*! elementor - v3.20.0 - 26-03-2024 *\/\n.elementor-widget-image{text-align:center}.elementor-widget-image a{display:inline-block}.elementor-widget-image a img[src$=\".svg\"]{width:48px}.elementor-widget-image img{vertical-align:middle;display:inline-block}<\/style>\t\t\t\t\t\t\t\t\t\t<img fetchpriority=\"high\" decoding=\"async\" width=\"7934\" height=\"5292\" src=\"https:\/\/mediainstall.de\/wp-content\/uploads\/2024\/01\/MicrosoftTeams-image-176.jpg\" class=\"attachment-full size-full wp-image-83\" alt=\"\" srcset=\"https:\/\/mediainstall.de\/wp-content\/uploads\/2024\/01\/MicrosoftTeams-image-176.jpg 7934w, https:\/\/mediainstall.de\/wp-content\/uploads\/2024\/01\/MicrosoftTeams-image-176-300x200.jpg 300w, https:\/\/mediainstall.de\/wp-content\/uploads\/2024\/01\/MicrosoftTeams-image-176-1024x683.jpg 1024w, https:\/\/mediainstall.de\/wp-content\/uploads\/2024\/01\/MicrosoftTeams-image-176-768x512.jpg 768w, https:\/\/mediainstall.de\/wp-content\/uploads\/2024\/01\/MicrosoftTeams-image-176-1536x1025.jpg 1536w\" sizes=\"(max-width: 7934px) 100vw, 7934px\" \/>\t\t\t\t\t\t\t\t\t\t\t\t\t<\/div>\n\t\t\t\t<\/div>\n\t\t\t\t\t<\/div>\n\t\t<\/div>\n\t\t\t\t\t<\/div>\n\t\t<\/section>\n\t\t\t\t<section class=\"elementor-section elementor-top-section elementor-element elementor-element-256e6abc elementor-section-full_width elementor-section-height-default elementor-section-height-default\" data-id=\"256e6abc\" data-element_type=\"section\">\n\t\t\t\t\t\t<div class=\"elementor-container elementor-column-gap-no\">\n\t\t\t\t\t<div class=\"elementor-column elementor-col-100 elementor-top-column elementor-element elementor-element-334edf8e\" data-id=\"334edf8e\" data-element_type=\"column\">\n\t\t\t<div class=\"elementor-widget-wrap elementor-element-populated\">\n\t\t\t\t\t\t<div class=\"elementor-element elementor-element-57c2f68a elementor-widget elementor-widget-heading\" data-id=\"57c2f68a\" data-element_type=\"widget\" data-widget_type=\"heading.default\">\n\t\t\t\t<div class=\"elementor-widget-container\">\n\t\t\t<h2 class=\"elementor-heading-title elementor-size-default\">Offene Stellen \u2013 finde Deinen Platz bei uns<\/h2>\t\t<\/div>\n\t\t\t\t<\/div>\n\t\t\t\t<div class=\"elementor-element elementor-element-1594c35c elementor-cta--layout-image-right elementor-cta--valign-middle elementor-cta--mobile-layout-image-above elementor-cta--skin-classic elementor-animated-content elementor-bg-transform elementor-bg-transform-zoom-in elementor-widget elementor-widget-call-to-action\" data-id=\"1594c35c\" data-element_type=\"widget\" data-widget_type=\"call-to-action.default\">\n\t\t\t\t<div class=\"elementor-widget-container\">\n\t\t\t<link rel=\"stylesheet\" href=\"https:\/\/mediainstall.de\/wp-content\/plugins\/elementor-pro\/assets\/css\/widget-call-to-action.min.css\">\t\t<div class=\"elementor-cta\">\n\t\t\t\t\t<div class=\"elementor-cta__bg-wrapper\">\n\t\t\t\t<div class=\"elementor-cta__bg elementor-bg\" style=\"background-image: url(https:\/\/mediainstall.de\/wp-content\/uploads\/2024\/01\/Karriere1.jpg);\" role=\"img\" aria-label=\"Karriere1.jpg\"><\/div>\n\t\t\t\t<div class=\"elementor-cta__bg-overlay\"><\/div>\n\t\t\t<\/div>\n\t\t\t\t\t\t\t<div class=\"elementor-cta__content\">\n\t\t\t\t\n\t\t\t\t\t\t\t\t\t<h4 class=\"elementor-cta__title elementor-cta__content-item elementor-content-item\">\n\t\t\t\t\t\tTechnical Staff (M|F|D)\t\t\t\t\t<\/h4>\n\t\t\t\t\n\t\t\t\t\t\t\t\t\t<div class=\"elementor-cta__description elementor-cta__content-item elementor-content-item\">\n\t\t\t\t\t\tDo you enjoy working with technology and want to support the assembly and commissioning of AV media technology and IT systems?\n<br><br>\n<b>Your Responsibilities:<\/b>\n<br>- Assembly of media technology equipment\n<br>- Preparation for installation, rack and system construction in-house\n<br>- Service and maintenance work\n<br>- Programming of software-controlled system components\n<br>- Independent working\n <br><br>\n<b>Your Profile:<\/b>\n<br>Idealerweise eine Ausbildung im Bereich AV-Technik, Elektroniker, Elektriker oder vergleichbare handwerkliche Ausbildung mit dem Schwerpunkt Technik.\nAuch Quereinsteiger sind willkommen!<br><br>Full-time or part-time positions available.\n<br><br>\nSend your application to: <a href=\"mailto:bewerbung@mediainstall.de\">bewerbung@mediainstall.de<\/a>\t\t\t\t\t<\/div>\n\t\t\t\t\n\t\t\t\t\t\t\t<\/div>\n\t\t\t\t\t\t<\/div>\n\t\t\t\t<\/div>\n\t\t\t\t<\/div>\n\t\t\t\t<div class=\"elementor-element elementor-element-2c3d5e06 elementor-cta--layout-image-left elementor-cta--valign-middle elementor-cta--mobile-layout-image-above elementor-cta--skin-classic elementor-animated-content elementor-bg-transform elementor-bg-transform-zoom-in elementor-widget elementor-widget-call-to-action\" data-id=\"2c3d5e06\" data-element_type=\"widget\" data-widget_type=\"call-to-action.default\">\n\t\t\t\t<div class=\"elementor-widget-container\">\n\t\t\t\t\t<div class=\"elementor-cta\">\n\t\t\t\t\t<div class=\"elementor-cta__bg-wrapper\">\n\t\t\t\t<div class=\"elementor-cta__bg elementor-bg\" style=\"background-image: url(https:\/\/mediainstall.de\/wp-content\/uploads\/2024\/03\/Mediainstall-Karriere-002.jpg);\" role=\"img\" aria-label=\"Mediainstall-Karriere-002\"><\/div>\n\t\t\t\t<div class=\"elementor-cta__bg-overlay\"><\/div>\n\t\t\t<\/div>\n\t\t\t\t\t\t\t<div class=\"elementor-cta__content\">\n\t\t\t\t\n\t\t\t\t\t\t\t\t\t<h4 class=\"elementor-cta__title elementor-cta__content-item elementor-content-item\">\n\t\t\t\t\t\tInternal Services (M|F|D)\t\t\t\t\t<\/h4>\n\t\t\t\t\n\t\t\t\t\t\t\t\t\t<div class=\"elementor-cta__description elementor-cta__content-item elementor-content-item\">\n\t\t\t\t\t\tAre you interested in supporting us in the processing of media technology solutions?\n<br><br>\n<b>Your Responsibilities:<\/b><br>\n- Support in the area of order management\n<br>- Selbst\u00e4ndiges Bearbeiten von eingehenden Auftr\u00e4gen\n<br>- Monitoring of ongoing orders\n<br>- Creation of invoices and delivery notes\n<br>- Management and maintenance of our software, e.g., customer master data, sales information, evaluation of sales figures\n<br>- Support in logistics\n <br><br>\n<b>Your Profile:<\/b>\n<br>- Ideally, you have completed commercial training or have experience in similar areas\n<br>- Gute Kenntnisse im Umgang mit MS-Office-Programmen\n<br>- Strukturierte und eigenst\u00e4ndige Arbeitsweise\n <br><br>\nFull-time or part-time positions available.\n<br><br>\nSend your application to: <a href=\"mailto:bewerbung@mediainstall.de\">bewerbung@mediainstall.de<\/a>\t\t\t\t\t<\/div>\n\t\t\t\t\n\t\t\t\t\t\t\t<\/div>\n\t\t\t\t\t\t<\/div>\n\t\t\t\t<\/div>\n\t\t\t\t<\/div>\n\t\t\t\t<div class=\"elementor-element elementor-element-7a3c6576 elementor-cta--layout-image-right elementor-cta--valign-middle elementor-cta--mobile-layout-image-above elementor-cta--skin-classic elementor-animated-content elementor-bg-transform elementor-bg-transform-zoom-in elementor-widget elementor-widget-call-to-action\" data-id=\"7a3c6576\" data-element_type=\"widget\" data-widget_type=\"call-to-action.default\">\n\t\t\t\t<div class=\"elementor-widget-container\">\n\t\t\t\t\t<div class=\"elementor-cta\">\n\t\t\t\t\t<div class=\"elementor-cta__bg-wrapper\">\n\t\t\t\t<div class=\"elementor-cta__bg elementor-bg\" style=\"background-image: url(https:\/\/mediainstall.de\/wp-content\/uploads\/2024\/01\/Karriere3.jpg);\" role=\"img\" aria-label=\"Karriere3.jpg\"><\/div>\n\t\t\t\t<div class=\"elementor-cta__bg-overlay\"><\/div>\n\t\t\t<\/div>\n\t\t\t\t\t\t\t<div class=\"elementor-cta__content\">\n\t\t\t\t\n\t\t\t\t\t\t\t\t\t<h4 class=\"elementor-cta__title elementor-cta__content-item elementor-content-item\">\n\t\t\t\t\t\tSpeculative Application (M|F|D)\t\t\t\t\t<\/h4>\n\t\t\t\t\n\t\t\t\t\t\t\t\t\t<div class=\"elementor-cta__description elementor-cta__content-item elementor-content-item\">\n\t\t\t\t\t\tDu willst uns unterst\u00fctzen, aber findest keine passende Stellenausschreibung? Dann schicke uns doch einfach Deine Initiativbewerbung!\n <br><br>\n<b>We offer:<\/b>\n<br>- kurze Entscheidungswege<br><br>-ein attraktives Gehalt<br><br>-Weiterbildungsm\u00f6glichkeiten<br><br>-freundliche Kollegen<br><br>-ein angenehmes Arbeitsklima<br><br>-spannende und herausfordernde T\u00e4tigkeiten in einem famili\u00e4ren, erfolgreichen Unternehmen<br><br>-die M\u00f6glichkeit ein Jobrad zu leasen<br><br>-Verm\u00f6genswirksame Leistungen<br>\n<br><br>\nSend your application to: <a href=\"mailto:bewerbung@mediainstall.de\">bewerbung@mediainstall.de<\/a>\t\t\t\t\t<\/div>\n\t\t\t\t\n\t\t\t\t\t\t\t<\/div>\n\t\t\t\t\t\t<\/div>\n\t\t\t\t<\/div>\n\t\t\t\t<\/div>\n\t\t\t\t\t<\/div>\n\t\t<\/div>\n\t\t\t\t\t<\/div>\n\t\t<\/section>\n\t\t\t\t<\/div>","protected":false},"excerpt":{"rendered":"<p>Karriere bei Mediainstall M\u00f6chtest Du die Zukunft der Medientechnik mitgestalten? Wir bei Mediainstall bieten Dir nicht nur eine Stelle, sondern einen Karriereweg, der von Innovation, Kreativit\u00e4t und kontinuierlichem Lernen gepr\u00e4gt ist. Komm in unser Team und bring Deine Karriere auf die n\u00e4chste Stufe! Unsere Vision und Deine Karrierechancen In einer Branche, die sich rasant weiterentwickelt, [&hellip;]<\/p>","protected":false},"author":1,"featured_media":0,"parent":0,"menu_order":0,"comment_status":"closed","ping_status":"closed","template":"","meta":{"footnotes":""},"class_list":["post-121","page","type-page","status-publish","hentry"],"yoast_head":"<!-- This site is optimized with the Yoast SEO plugin v22.8 - https:\/\/yoast.com\/wordpress\/plugins\/seo\/ -->\n<title>Karriere - Mediainstall<\/title>\n<meta name=\"robots\" content=\"index, follow, max-snippet:-1, max-image-preview:large, max-video-preview:-1\" \/>\n<link rel=\"canonical\" href=\"https:\/\/mediainstall.de\/en\/karriere\/\" \/>\n<meta property=\"og:locale\" content=\"en_GB\" \/>\n<meta property=\"og:type\" content=\"article\" \/>\n<meta property=\"og:title\" content=\"Karriere - Mediainstall\" \/>\n<meta property=\"og:description\" content=\"Karriere bei Mediainstall M\u00f6chtest Du die Zukunft der Medientechnik mitgestalten? Wir bei Mediainstall bieten Dir nicht nur eine Stelle, sondern einen Karriereweg, der von Innovation, Kreativit\u00e4t und kontinuierlichem Lernen gepr\u00e4gt ist. Komm in unser Team und bring Deine Karriere auf die n\u00e4chste Stufe! Unsere Vision und Deine Karrierechancen In einer Branche, die sich rasant weiterentwickelt, [&hellip;]\" \/>\n<meta property=\"og:url\" content=\"https:\/\/mediainstall.de\/en\/karriere\/\" \/>\n<meta property=\"og:site_name\" content=\"Mediainstall\" \/>\n<meta property=\"article:modified_time\" content=\"2024-08-14T09:55:02+00:00\" \/>\n<meta property=\"og:image\" content=\"https:\/\/mediainstall.de\/wp-content\/uploads\/2024\/01\/MicrosoftTeams-image-176.jpg\" \/>\n<meta name=\"twitter:card\" content=\"summary_large_image\" \/>\n<meta name=\"twitter:label1\" content=\"Estimated reading time\" \/>\n\t<meta name=\"twitter:data1\" content=\"3 minutes\" \/>\n<script type=\"application\/ld+json\" class=\"yoast-schema-graph\">{\"@context\":\"https:\/\/schema.org\",\"@graph\":[{\"@type\":\"WebPage\",\"@id\":\"https:\/\/mediainstall.de\/karriere\/\",\"url\":\"https:\/\/mediainstall.de\/karriere\/\",\"name\":\"Karriere - Mediainstall\",\"isPartOf\":{\"@id\":\"https:\/\/mediainstall.de\/#website\"},\"primaryImageOfPage\":{\"@id\":\"https:\/\/mediainstall.de\/karriere\/#primaryimage\"},\"image\":{\"@id\":\"https:\/\/mediainstall.de\/karriere\/#primaryimage\"},\"thumbnailUrl\":\"https:\/\/mediainstall.de\/wp-content\/uploads\/2024\/01\/MicrosoftTeams-image-176.jpg\",\"datePublished\":\"2024-01-22T08:39:57+00:00\",\"dateModified\":\"2024-08-14T09:55:02+00:00\",\"breadcrumb\":{\"@id\":\"https:\/\/mediainstall.de\/karriere\/#breadcrumb\"},\"inLanguage\":\"en-GB\",\"potentialAction\":[{\"@type\":\"ReadAction\",\"target\":[\"https:\/\/mediainstall.de\/karriere\/\"]}]},{\"@type\":\"ImageObject\",\"inLanguage\":\"en-GB\",\"@id\":\"https:\/\/mediainstall.de\/karriere\/#primaryimage\",\"url\":\"https:\/\/mediainstall.de\/wp-content\/uploads\/2024\/01\/MicrosoftTeams-image-176.jpg\",\"contentUrl\":\"https:\/\/mediainstall.de\/wp-content\/uploads\/2024\/01\/MicrosoftTeams-image-176.jpg\"},{\"@type\":\"BreadcrumbList\",\"@id\":\"https:\/\/mediainstall.de\/karriere\/#breadcrumb\",\"itemListElement\":[{\"@type\":\"ListItem\",\"position\":1,\"name\":\"Startseite\",\"item\":\"https:\/\/mediainstall.de\/\"},{\"@type\":\"ListItem\",\"position\":2,\"name\":\"Karriere\"}]},{\"@type\":\"WebSite\",\"@id\":\"https:\/\/mediainstall.de\/#website\",\"url\":\"https:\/\/mediainstall.de\/\",\"name\":\"Mediainstall\",\"description\":\"\",\"publisher\":{\"@id\":\"https:\/\/mediainstall.de\/#organization\"},\"potentialAction\":[{\"@type\":\"SearchAction\",\"target\":{\"@type\":\"EntryPoint\",\"urlTemplate\":\"https:\/\/mediainstall.de\/?s={search_term_string}\"},\"query-input\":\"required name=search_term_string\"}],\"inLanguage\":\"en-GB\"},{\"@type\":\"Organization\",\"@id\":\"https:\/\/mediainstall.de\/#organization\",\"name\":\"Mediainstall\",\"url\":\"https:\/\/mediainstall.de\/\",\"logo\":{\"@type\":\"ImageObject\",\"inLanguage\":\"en-GB\",\"@id\":\"https:\/\/mediainstall.de\/#\/schema\/logo\/image\/\",\"url\":\"https:\/\/mediainstall.de\/wp-content\/uploads\/2024\/01\/Mediainstall_Logo.png\",\"contentUrl\":\"https:\/\/mediainstall.de\/wp-content\/uploads\/2024\/01\/Mediainstall_Logo.png\",\"width\":3222,\"height\":569,\"caption\":\"Mediainstall\"},\"image\":{\"@id\":\"https:\/\/mediainstall.de\/#\/schema\/logo\/image\/\"}}]}<\/script>\n<!-- \/ Yoast SEO plugin. -->","yoast_head_json":{"title":"Karriere - Mediainstall","robots":{"index":"index","follow":"follow","max-snippet":"max-snippet:-1","max-image-preview":"max-image-preview:large","max-video-preview":"max-video-preview:-1"},"canonical":"https:\/\/mediainstall.de\/en\/karriere\/","og_locale":"en_GB","og_type":"article","og_title":"Karriere - Mediainstall","og_description":"Karriere bei Mediainstall M\u00f6chtest Du die Zukunft der Medientechnik mitgestalten? Wir bei Mediainstall bieten Dir nicht nur eine Stelle, sondern einen Karriereweg, der von Innovation, Kreativit\u00e4t und kontinuierlichem Lernen gepr\u00e4gt ist. Komm in unser Team und bring Deine Karriere auf die n\u00e4chste Stufe! Unsere Vision und Deine Karrierechancen In einer Branche, die sich rasant weiterentwickelt, [&hellip;]","og_url":"https:\/\/mediainstall.de\/en\/karriere\/","og_site_name":"Mediainstall","article_modified_time":"2024-08-14T09:55:02+00:00","og_image":[{"url":"https:\/\/mediainstall.de\/wp-content\/uploads\/2024\/01\/MicrosoftTeams-image-176.jpg"}],"twitter_card":"summary_large_image","twitter_misc":{"Estimated reading time":"3 minutes"},"schema":{"@context":"https:\/\/schema.org","@graph":[{"@type":"WebPage","@id":"https:\/\/mediainstall.de\/karriere\/","url":"https:\/\/mediainstall.de\/karriere\/","name":"Karriere - Mediainstall","isPartOf":{"@id":"https:\/\/mediainstall.de\/#website"},"primaryImageOfPage":{"@id":"https:\/\/mediainstall.de\/karriere\/#primaryimage"},"image":{"@id":"https:\/\/mediainstall.de\/karriere\/#primaryimage"},"thumbnailUrl":"https:\/\/mediainstall.de\/wp-content\/uploads\/2024\/01\/MicrosoftTeams-image-176.jpg","datePublished":"2024-01-22T08:39:57+00:00","dateModified":"2024-08-14T09:55:02+00:00","breadcrumb":{"@id":"https:\/\/mediainstall.de\/karriere\/#breadcrumb"},"inLanguage":"en-GB","potentialAction":[{"@type":"ReadAction","target":["https:\/\/mediainstall.de\/karriere\/"]}]},{"@type":"ImageObject","inLanguage":"en-GB","@id":"https:\/\/mediainstall.de\/karriere\/#primaryimage","url":"https:\/\/mediainstall.de\/wp-content\/uploads\/2024\/01\/MicrosoftTeams-image-176.jpg","contentUrl":"https:\/\/mediainstall.de\/wp-content\/uploads\/2024\/01\/MicrosoftTeams-image-176.jpg"},{"@type":"BreadcrumbList","@id":"https:\/\/mediainstall.de\/karriere\/#breadcrumb","itemListElement":[{"@type":"ListItem","position":1,"name":"Startseite","item":"https:\/\/mediainstall.de\/"},{"@type":"ListItem","position":2,"name":"Karriere"}]},{"@type":"WebSite","@id":"https:\/\/mediainstall.de\/#website","url":"https:\/\/mediainstall.de\/","name":"Mediainstall","description":"","publisher":{"@id":"https:\/\/mediainstall.de\/#organization"},"potentialAction":[{"@type":"SearchAction","target":{"@type":"EntryPoint","urlTemplate":"https:\/\/mediainstall.de\/?s={search_term_string}"},"query-input":"required name=search_term_string"}],"inLanguage":"en-GB"},{"@type":"Organization","@id":"https:\/\/mediainstall.de\/#organization","name":"Mediainstall","url":"https:\/\/mediainstall.de\/","logo":{"@type":"ImageObject","inLanguage":"en-GB","@id":"https:\/\/mediainstall.de\/#\/schema\/logo\/image\/","url":"https:\/\/mediainstall.de\/wp-content\/uploads\/2024\/01\/Mediainstall_Logo.png","contentUrl":"https:\/\/mediainstall.de\/wp-content\/uploads\/2024\/01\/Mediainstall_Logo.png","width":3222,"height":569,"caption":"Mediainstall"},"image":{"@id":"https:\/\/mediainstall.de\/#\/schema\/logo\/image\/"}}]}},"_links":{"self":[{"href":"https:\/\/mediainstall.de\/en\/wp-json\/wp\/v2\/pages\/121","targetHints":{"allow":["GET"]}}],"collection":[{"href":"https:\/\/mediainstall.de\/en\/wp-json\/wp\/v2\/pages"}],"about":[{"href":"https:\/\/mediainstall.de\/en\/wp-json\/wp\/v2\/types\/page"}],"author":[{"embeddable":true,"href":"https:\/\/mediainstall.de\/en\/wp-json\/wp\/v2\/users\/1"}],"replies":[{"embeddable":true,"href":"https:\/\/mediainstall.de\/en\/wp-json\/wp\/v2\/comments?post=121"}],"version-history":[{"count":46,"href":"https:\/\/mediainstall.de\/en\/wp-json\/wp\/v2\/pages\/121\/revisions"}],"predecessor-version":[{"id":676,"href":"https:\/\/mediainstall.de\/en\/wp-json\/wp\/v2\/pages\/121\/revisions\/676"}],"wp:attachment":[{"href":"https:\/\/mediainstall.de\/en\/wp-json\/wp\/v2\/media?parent=121"}],"curies":[{"name":"wp","href":"https:\/\/api.w.org\/{rel}","templated":true}]}}